{"id":62,"date":"2021-07-01T11:39:41","date_gmt":"2021-07-01T11:39:41","guid":{"rendered":"https:\/\/www.tliy.ee\/?page_id=62"},"modified":"2021-07-01T11:39:41","modified_gmt":"2021-07-01T11:39:41","slug":"asu-liikmeks","status":"publish","type":"page","link":"https:\/\/www.tliy.ee\/?page_id=62","title":{"rendered":"ASU LIIKMEKS"},"content":{"rendered":"\n<p>\u00dchingu liikmeks astumine<br>Astu liikmeks juba t\u00e4na v\u00f5i uuenda oma andmeid\u2026<\/p>\n\n\n\n<p>TLI\u00dc liikmeks saab ennast<a href=\"https:\/\/docs.google.com\/forms\/d\/e\/1FAIpQLScOm3fK2ccmNi_wr-6IExNhstoP1-wG1Xvq9Dy3V752uoITBQ\/viewform?hl=en&amp;formkey=dG8yWnBrVjkwQl94Ri16Q0FIM2FqZGc6MA\" target=\"_blank\" rel=\"noreferrer noopener\"> registreerida siin<\/a> , seej\u00e4rel tuleb tasuda aastane liikmemaks.<\/p>\n\n\n\n<p>Maksmiseks vajalikud pangarekvisiidid leiad samalt lehelt.<\/p>\n\n\n\n<p>Maksta v\u00f5ib ka sularahas TLI\u00dc kontoris Endla 59-110.<\/p>\n\n\n\n<p>Liikemaksu suurus on 5 eurot aastas.<\/p>\n","protected":false},"excerpt":{"rendered":"<p>\u00dchingu liikmeks astumineAstu liikmeks juba t\u00e4na v\u00f5i uuenda oma andmeid\u2026 TLI\u00dc liikmeks saab ennast registreerida siin , seej\u00e4rel tuleb tasuda aastane liikmemaks. Maksmiseks vajalikud pangarekvisiidid leiad samalt lehelt. Maksta v\u00f5ib ka sularahas TLI\u00dc kontoris Endla 59-110. Liikemaksu suurus on 5 eurot aastas.<\/p>\n","protected":false},"author":1,"featured_media":0,"parent":0,"menu_order":0,"comment_status":"closed","ping_status":"closed","template":"","meta":{"footnotes":""},"class_list":["post-62","page","type-page","status-publish","hentry"],"_links":{"self":[{"href":"https:\/\/www.tliy.ee\/index.php?rest_route=\/wp\/v2\/pages\/62","targetHints":{"allow":["GET"]}}],"collection":[{"href":"https:\/\/www.tliy.ee\/index.php?rest_route=\/wp\/v2\/pages"}],"about":[{"href":"https:\/\/www.tliy.ee\/index.php?rest_route=\/wp\/v2\/types\/page"}],"author":[{"embeddable":true,"href":"https:\/\/www.tliy.ee\/index.php?rest_route=\/wp\/v2\/users\/1"}],"replies":[{"embeddable":true,"href":"https:\/\/www.tliy.ee\/index.php?rest_route=%2Fwp%2Fv2%2Fcomments&post=62"}],"version-history":[{"count":1,"href":"https:\/\/www.tliy.ee\/index.php?rest_route=\/wp\/v2\/pages\/62\/revisions"}],"predecessor-version":[{"id":63,"href":"https:\/\/www.tliy.ee\/index.php?rest_route=\/wp\/v2\/pages\/62\/revisions\/63"}],"wp:attachment":[{"href":"https:\/\/www.tliy.ee\/index.php?rest_route=%2Fwp%2Fv2%2Fmedia&parent=62"}],"curies":[{"name":"wp","href":"https:\/\/api.w.org\/{rel}","templated":true}]}}